{"id":745,"date":"2023-03-24T12:20:14","date_gmt":"2023-03-24T12:20:14","guid":{"rendered":"https:\/\/masarnau.com\/prestations-de-service\/"},"modified":"2023-09-29T09:26:46","modified_gmt":"2023-09-29T09:26:46","slug":"prestations-de-service","status":"publish","type":"page","link":"https:\/\/masarnau.com\/fr\/prestations-de-service\/","title":{"rendered":"Prestations de service"},"content":{"rendered":"\t\t<div data-elementor-type=\"wp-page\" data-elementor-id=\"745\" class=\"elementor elementor-745 elementor-96\" data-elementor-post-type=\"page\">\n\t\t\t\t\t\t\t\t\t<section class=\"elementor-section elementor-top-section elementor-element elementor-element-0d4f6d4 elementor-section-boxed elementor-section-height-default elementor-section-height-default\" data-id=\"0d4f6d4\" data-element_type=\"section\" data-settings=\"{&quot;background_background&quot;:&quot;classic&quot;}\">\n\t\t\t\t\t\t\t<div class=\"elementor-background-overlay\"><\/div>\n\t\t\t\t\t\t\t<div class=\"elementor-container elementor-column-gap-default\">\n\t\t\t\t\t<div class=\"elementor-column elementor-col-100 elementor-top-column elementor-element elementor-element-c70b379\" data-id=\"c70b379\" data-element_type=\"column\">\n\t\t\t<div class=\"elementor-widget-wrap elementor-element-populated\">\n\t\t\t\t\t\t\t\t<div class=\"elementor-element elementor-element-094dd2d elementor-widget elementor-widget-heading\" data-id=\"094dd2d\" data-element_type=\"widget\" data-widget_type=\"heading.default\">\n\t\t\t\t<div class=\"elementor-widget-container\">\n\t\t\t<style>\/*! elementor - v3.18.0 - 08-12-2023 *\/\n.elementor-heading-title{padding:0;margin:0;line-height:1}.elementor-widget-heading .elementor-heading-title[class*=elementor-size-]>a{color:inherit;font-size:inherit;line-height:inherit}.elementor-widget-heading .elementor-heading-title.elementor-size-small{font-size:15px}.elementor-widget-heading .elementor-heading-title.elementor-size-medium{font-size:19px}.elementor-widget-heading .elementor-heading-title.elementor-size-large{font-size:29px}.elementor-widget-heading .elementor-heading-title.elementor-size-xl{font-size:39px}.elementor-widget-heading .elementor-heading-title.elementor-size-xxl{font-size:59px}<\/style><h1 class=\"elementor-heading-title elementor-size-default\">Prestations de service<\/h1>\t\t<\/div>\n\t\t\t\t<\/div>\n\t\t\t\t\t<\/div>\n\t\t<\/div>\n\t\t\t\t\t\t\t<\/div>\n\t\t<\/section>\n\t\t\t\t<section class=\"elementor-section elementor-top-section elementor-element elementor-element-645572f elementor-section-boxed elementor-section-height-default elementor-section-height-default\" data-id=\"645572f\" data-element_type=\"section\">\n\t\t\t\t\t\t<div class=\"elementor-container elementor-column-gap-default\">\n\t\t\t\t\t<div class=\"elementor-column elementor-col-50 elementor-top-column elementor-element elementor-element-1a5ea75\" data-id=\"1a5ea75\" data-element_type=\"column\">\n\t\t\t<div class=\"elementor-widget-wrap elementor-element-populated\">\n\t\t\t\t\t\t\t\t<div class=\"elementor-element elementor-element-f4444b1 elementor-invisible elementor-widget elementor-widget-heading\" data-id=\"f4444b1\" data-element_type=\"widget\" data-settings=\"{&quot;_animation&quot;:&quot;fadeInDown&quot;}\" data-widget_type=\"heading.default\">\n\t\t\t\t<div class=\"elementor-widget-container\">\n\t\t\t<h2 class=\"elementor-heading-title elementor-size-default\">Prestations de service<\/h2>\t\t<\/div>\n\t\t\t\t<\/div>\n\t\t\t\t<div class=\"elementor-element elementor-element-483a034 elementor-widget elementor-widget-text-editor\" data-id=\"483a034\" data-element_type=\"widget\" data-widget_type=\"text-editor.default\">\n\t\t\t\t<div class=\"elementor-widget-container\">\n\t\t\t<style>\/*! elementor - v3.18.0 - 08-12-2023 *\/\n.elementor-widget-text-editor.elementor-drop-cap-view-stacked .elementor-drop-cap{background-color:#69727d;color:#fff}.elementor-widget-text-editor.elementor-drop-cap-view-framed .elementor-drop-cap{color:#69727d;border:3px solid;background-color:transparent}.elementor-widget-text-editor:not(.elementor-drop-cap-view-default) .elementor-drop-cap{margin-top:8px}.elementor-widget-text-editor:not(.elementor-drop-cap-view-default) .elementor-drop-cap-letter{width:1em;height:1em}.elementor-widget-text-editor .elementor-drop-cap{float:left;text-align:center;line-height:1;font-size:50px}.elementor-widget-text-editor .elementor-drop-cap-letter{display:inline-block}<\/style>\t\t\t\t<p>Pets allowed, Internet access, Laundry, Information about the area, Cot available. Service de nettoyage pendant le s\u00e9jour. <\/p>\n\t\t\t\t\t\t<\/div>\n\t\t\t\t<\/div>\n\t\t\t\t\t<\/div>\n\t\t<\/div>\n\t\t\t\t<div class=\"elementor-column elementor-col-50 elementor-top-column elementor-element elementor-element-b2874a8\" data-id=\"b2874a8\" data-element_type=\"column\">\n\t\t\t<div class=\"elementor-widget-wrap elementor-element-populated\">\n\t\t\t\t\t\t\t\t<div class=\"elementor-element elementor-element-ba05384 elementor-widget elementor-widget-image\" data-id=\"ba05384\" data-element_type=\"widget\" data-widget_type=\"image.default\">\n\t\t\t\t<div class=\"elementor-widget-container\">\n\t\t\t<style>\/*! elementor - v3.18.0 - 08-12-2023 *\/\n.elementor-widget-image{text-align:center}.elementor-widget-image a{display:inline-block}.elementor-widget-image a img[src$=\".svg\"]{width:48px}.elementor-widget-image img{vertical-align:middle;display:inline-block}<\/style>\t\t\t\t\t\t\t\t\t\t\t\t<img fetchpriority=\"high\" decoding=\"async\" width=\"1024\" height=\"683\" src=\"https:\/\/masarnau.com\/wp-content\/uploads\/2023\/04\/casa-rural-mas-arnau_26-1024x683.webp\" class=\"attachment-large size-large wp-image-956\" alt=\"\" srcset=\"https:\/\/masarnau.com\/wp-content\/uploads\/2023\/04\/casa-rural-mas-arnau_26-1024x683.webp 1024w, https:\/\/masarnau.com\/wp-content\/uploads\/2023\/04\/casa-rural-mas-arnau_26-300x200.webp 300w, https:\/\/masarnau.com\/wp-content\/uploads\/2023\/04\/casa-rural-mas-arnau_26-768x512.webp 768w, https:\/\/masarnau.com\/wp-content\/uploads\/2023\/04\/casa-rural-mas-arnau_26.webp 1440w\" sizes=\"(max-width: 1024px) 100vw, 1024px\" \/>\t\t\t\t\t\t\t\t\t\t\t\t\t\t\t<\/div>\n\t\t\t\t<\/div>\n\t\t\t\t\t<\/div>\n\t\t<\/div>\n\t\t\t\t\t\t\t<\/div>\n\t\t<\/section>\n\t\t\t\t<section class=\"elementor-section elementor-top-section elementor-element elementor-element-de30bda elementor-reverse-mobile elementor-section-boxed elementor-section-height-default elementor-section-height-default\" data-id=\"de30bda\" data-element_type=\"section\" data-settings=\"{&quot;background_background&quot;:&quot;classic&quot;}\">\n\t\t\t\t\t\t<div class=\"elementor-container elementor-column-gap-default\">\n\t\t\t\t\t<div class=\"elementor-column elementor-col-50 elementor-top-column elementor-element elementor-element-c45d49a\" data-id=\"c45d49a\" data-element_type=\"column\">\n\t\t\t<div class=\"elementor-widget-wrap elementor-element-populated\">\n\t\t\t\t\t\t\t\t<div class=\"elementor-element elementor-element-f382f8a elementor-widget elementor-widget-image\" data-id=\"f382f8a\" data-element_type=\"widget\" data-widget_type=\"image.default\">\n\t\t\t\t<div class=\"elementor-widget-container\">\n\t\t\t\t\t\t\t\t\t\t\t\t\t\t\t<img decoding=\"async\" width=\"1024\" height=\"768\" src=\"https:\/\/masarnau.com\/wp-content\/uploads\/2023\/04\/casa-rural-mas-arnau_1-1024x768.webp\" class=\"attachment-large size-large wp-image-1060\" alt=\"\" srcset=\"https:\/\/masarnau.com\/wp-content\/uploads\/2023\/04\/casa-rural-mas-arnau_1-1024x768.webp 1024w, https:\/\/masarnau.com\/wp-content\/uploads\/2023\/04\/casa-rural-mas-arnau_1-300x225.webp 300w, https:\/\/masarnau.com\/wp-content\/uploads\/2023\/04\/casa-rural-mas-arnau_1-768x576.webp 768w, https:\/\/masarnau.com\/wp-content\/uploads\/2023\/04\/casa-rural-mas-arnau_1.webp 1200w\" sizes=\"(max-width: 1024px) 100vw, 1024px\" \/>\t\t\t\t\t\t\t\t\t\t\t\t\t\t\t<\/div>\n\t\t\t\t<\/div>\n\t\t\t\t\t<\/div>\n\t\t<\/div>\n\t\t\t\t<div class=\"elementor-column elementor-col-50 elementor-top-column elementor-element elementor-element-58ad7a0\" data-id=\"58ad7a0\" data-element_type=\"column\">\n\t\t\t<div class=\"elementor-widget-wrap elementor-element-populated\">\n\t\t\t\t\t\t\t\t<div class=\"elementor-element elementor-element-1987ac4 elementor-invisible elementor-widget elementor-widget-heading\" data-id=\"1987ac4\" data-element_type=\"widget\" data-settings=\"{&quot;_animation&quot;:&quot;fadeInDown&quot;}\" data-widget_type=\"heading.default\">\n\t\t\t\t<div class=\"elementor-widget-container\">\n\t\t\t<h2 class=\"elementor-heading-title elementor-size-default\">Ext\u00e9rieur<\/h2>\t\t<\/div>\n\t\t\t\t<\/div>\n\t\t\t\t<div class=\"elementor-element elementor-element-98b8168 elementor-widget elementor-widget-text-editor\" data-id=\"98b8168\" data-element_type=\"widget\" data-widget_type=\"text-editor.default\">\n\t\t\t\t<div class=\"elementor-widget-container\">\n\t\t\t\t\t\t\t<p>Barbecue, Parking, Terrasse, Piscine, Salon de jardin, Jardin.<\/p>\n\t\t\t\t\t\t<\/div>\n\t\t\t\t<\/div>\n\t\t\t\t\t<\/div>\n\t\t<\/div>\n\t\t\t\t\t\t\t<\/div>\n\t\t<\/section>\n\t\t\t\t<section class=\"elementor-section elementor-top-section elementor-element elementor-element-1270fff elementor-section-boxed elementor-section-height-default elementor-section-height-default\" data-id=\"1270fff\" data-element_type=\"section\">\n\t\t\t\t\t\t<div class=\"elementor-container elementor-column-gap-default\">\n\t\t\t\t\t<div class=\"elementor-column elementor-col-50 elementor-top-column elementor-element elementor-element-f8146ce\" data-id=\"f8146ce\" data-element_type=\"column\">\n\t\t\t<div class=\"elementor-widget-wrap elementor-element-populated\">\n\t\t\t\t\t\t\t\t<div class=\"elementor-element elementor-element-a575749 elementor-invisible elementor-widget elementor-widget-heading\" data-id=\"a575749\" data-element_type=\"widget\" data-settings=\"{&quot;_animation&quot;:&quot;fadeInDown&quot;}\" data-widget_type=\"heading.default\">\n\t\t\t\t<div class=\"elementor-widget-container\">\n\t\t\t<h2 class=\"elementor-heading-title elementor-size-default\">Int\u00e9rieur<\/h2>\t\t<\/div>\n\t\t\t\t<\/div>\n\t\t\t\t<div class=\"elementor-element elementor-element-239256f elementor-widget elementor-widget-text-editor\" data-id=\"239256f\" data-element_type=\"widget\" data-widget_type=\"text-editor.default\">\n\t\t\t\t<div class=\"elementor-widget-container\">\n\t\t\t\t\t\t\t<p>4 Halls, Library, Microwave, Oven, En-suite bathroom, Washing machine, Dining room, Ping pong table, Kitchen, 2 dining rooms, Television, Fireplace, Living room, Central heating.<\/p>\n\t\t\t\t\t\t<\/div>\n\t\t\t\t<\/div>\n\t\t\t\t\t<\/div>\n\t\t<\/div>\n\t\t\t\t<div class=\"elementor-column elementor-col-50 elementor-top-column elementor-element elementor-element-545d787\" data-id=\"545d787\" data-element_type=\"column\">\n\t\t\t<div class=\"elementor-widget-wrap elementor-element-populated\">\n\t\t\t\t\t\t\t\t<div class=\"elementor-element elementor-element-cf31377 elementor-widget elementor-widget-image\" data-id=\"cf31377\" data-element_type=\"widget\" data-widget_type=\"image.default\">\n\t\t\t\t<div class=\"elementor-widget-container\">\n\t\t\t\t\t\t\t\t\t\t\t\t\t\t\t<img decoding=\"async\" width=\"1024\" height=\"683\" src=\"https:\/\/masarnau.com\/wp-content\/uploads\/2023\/04\/casa-rural-mas-arnau_16-1024x683.webp\" class=\"attachment-large size-large wp-image-915\" alt=\"\" srcset=\"https:\/\/masarnau.com\/wp-content\/uploads\/2023\/04\/casa-rural-mas-arnau_16-1024x683.webp 1024w, https:\/\/masarnau.com\/wp-content\/uploads\/2023\/04\/casa-rural-mas-arnau_16-300x200.webp 300w, https:\/\/masarnau.com\/wp-content\/uploads\/2023\/04\/casa-rural-mas-arnau_16-768x512.webp 768w, https:\/\/masarnau.com\/wp-content\/uploads\/2023\/04\/casa-rural-mas-arnau_16.webp 1440w\" sizes=\"(max-width: 1024px) 100vw, 1024px\" \/>\t\t\t\t\t\t\t\t\t\t\t\t\t\t\t<\/div>\n\t\t\t\t<\/div>\n\t\t\t\t\t<\/div>\n\t\t<\/div>\n\t\t\t\t\t\t\t<\/div>\n\t\t<\/section>\n\t\t\t\t<section class=\"elementor-section elementor-top-section elementor-element elementor-element-9bcc195 elementor-reverse-mobile elementor-section-boxed elementor-section-height-default elementor-section-height-default\" data-id=\"9bcc195\" data-element_type=\"section\" data-settings=\"{&quot;background_background&quot;:&quot;classic&quot;}\">\n\t\t\t\t\t\t<div class=\"elementor-container elementor-column-gap-default\">\n\t\t\t\t\t<div class=\"elementor-column elementor-col-50 elementor-top-column elementor-element elementor-element-882f117\" data-id=\"882f117\" data-element_type=\"column\">\n\t\t\t<div class=\"elementor-widget-wrap elementor-element-populated\">\n\t\t\t\t\t\t\t\t<div class=\"elementor-element elementor-element-d715898 elementor-widget elementor-widget-image\" data-id=\"d715898\" data-element_type=\"widget\" data-widget_type=\"image.default\">\n\t\t\t\t<div class=\"elementor-widget-container\">\n\t\t\t\t\t\t\t\t\t\t\t\t\t\t\t<img loading=\"lazy\" decoding=\"async\" width=\"1024\" height=\"683\" src=\"https:\/\/masarnau.com\/wp-content\/uploads\/2023\/04\/casa-rural-mas-arnau_48-1024x683.webp\" class=\"attachment-large size-large wp-image-1044\" alt=\"\" srcset=\"https:\/\/masarnau.com\/wp-content\/uploads\/2023\/04\/casa-rural-mas-arnau_48-1024x683.webp 1024w, https:\/\/masarnau.com\/wp-content\/uploads\/2023\/04\/casa-rural-mas-arnau_48-300x200.webp 300w, https:\/\/masarnau.com\/wp-content\/uploads\/2023\/04\/casa-rural-mas-arnau_48-768x512.webp 768w, https:\/\/masarnau.com\/wp-content\/uploads\/2023\/04\/casa-rural-mas-arnau_48.webp 1440w\" sizes=\"(max-width: 1024px) 100vw, 1024px\" \/>\t\t\t\t\t\t\t\t\t\t\t\t\t\t\t<\/div>\n\t\t\t\t<\/div>\n\t\t\t\t\t<\/div>\n\t\t<\/div>\n\t\t\t\t<div class=\"elementor-column elementor-col-50 elementor-top-column elementor-element elementor-element-24130cf\" data-id=\"24130cf\" data-element_type=\"column\">\n\t\t\t<div class=\"elementor-widget-wrap elementor-element-populated\">\n\t\t\t\t\t\t\t\t<div class=\"elementor-element elementor-element-16f753c elementor-invisible elementor-widget elementor-widget-heading\" data-id=\"16f753c\" data-element_type=\"widget\" data-settings=\"{&quot;_animation&quot;:&quot;fadeInDown&quot;}\" data-widget_type=\"heading.default\">\n\t\t\t\t<div class=\"elementor-widget-container\">\n\t\t\t<h2 class=\"elementor-heading-title elementor-size-default\">Activit\u00e9s<\/h2>\t\t<\/div>\n\t\t\t\t<\/div>\n\t\t\t\t<div class=\"elementor-element elementor-element-2012ea2 elementor-widget elementor-widget-text-editor\" data-id=\"2012ea2\" data-element_type=\"widget\" data-widget_type=\"text-editor.default\">\n\t\t\t\t<div class=\"elementor-widget-container\">\n\t\t\t\t\t\t\t<p>Dans les environs de Mas Arnau, vous pouvez faire diverses activit\u00e9s.<\/p>\n<p>Activit\u00e9s nautiques : Plong\u00e9e, Voile, P\u00eache, Promenades en Bateau.<br \/>Activit\u00e9s a\u00e9riennes : Montgolfi\u00e8re, Parachutisme.<br \/>Activit\u00e9s terrestres : Randonn\u00e9e &#8211; trekking.<\/p>\n\t\t\t\t\t\t<\/div>\n\t\t\t\t<\/div>\n\t\t\t\t\t<\/div>\n\t\t<\/div>\n\t\t\t\t\t\t\t<\/div>\n\t\t<\/section>\n\t\t\t\t\t\t\t<\/div>\n\t\t","protected":false},"excerpt":{"rendered":"<p>Prestations de service Pets allowed, Internet access, Laundry, Information about the area, Cot available. Service de nettoyage pendant le s\u00e9jour. Ext\u00e9rieur Barbecue, Parking, Terrasse, Piscine, Salon de jardin, Jardin. Int\u00e9rieur 4 Halls, Library, Microwave, Oven, En-suite bathroom, Washing machine, Dining room, Ping pong table, Kitchen, 2 dining rooms, Television, Fireplace, Living room, Central heating. Activit\u00e9s &#8230; <a title=\"Prestations de service\" class=\"read-more\" href=\"https:\/\/masarnau.com\/fr\/prestations-de-service\/\" aria-label=\"En savoir plus sur Prestations de service\">Lire la suite<\/a><\/p>\n","protected":false},"author":1,"featured_media":0,"parent":0,"menu_order":0,"comment_status":"closed","ping_status":"closed","template":"","meta":{"footnotes":""},"class_list":["post-745","page","type-page","status-publish"],"yoast_head":"<!-- This site is optimized with the Yoast SEO Premium plugin v21.8 (Yoast SEO v21.8.1) - https:\/\/yoast.com\/wordpress\/plugins\/seo\/ -->\n<title>Prestations de service - Casa Rural Mas Arnau<\/title>\n<meta name=\"robots\" content=\"index, follow, max-snippet:-1, max-image-preview:large, max-video-preview:-1\" \/>\n<link rel=\"canonical\" href=\"https:\/\/masarnau.com\/fr\/prestations-de-service\/\" \/>\n<meta property=\"og:locale\" content=\"fr_FR\" \/>\n<meta property=\"og:type\" content=\"article\" \/>\n<meta property=\"og:title\" content=\"Prestations de service\" \/>\n<meta property=\"og:description\" content=\"Prestations de service Pets allowed, Internet access, Laundry, Information about the area, Cot available. Service de nettoyage pendant le s\u00e9jour. Ext\u00e9rieur Barbecue, Parking, Terrasse, Piscine, Salon de jardin, Jardin. Int\u00e9rieur 4 Halls, Library, Microwave, Oven, En-suite bathroom, Washing machine, Dining room, Ping pong table, Kitchen, 2 dining rooms, Television, Fireplace, Living room, Central heating. Activit\u00e9s ... Lire la suite\" \/>\n<meta property=\"og:url\" content=\"https:\/\/masarnau.com\/fr\/prestations-de-service\/\" \/>\n<meta property=\"og:site_name\" content=\"Casa Rural Mas Arnau\" \/>\n<meta property=\"article:modified_time\" content=\"2023-09-29T09:26:46+00:00\" \/>\n<meta property=\"og:image\" content=\"https:\/\/masarnau.com\/wp-content\/uploads\/2023\/04\/casa-rural-mas-arnau_26-1024x683.webp\" \/>\n<meta name=\"twitter:card\" content=\"summary_large_image\" \/>\n<script type=\"application\/ld+json\" class=\"yoast-schema-graph\">{\"@context\":\"https:\/\/schema.org\",\"@graph\":[{\"@type\":\"WebPage\",\"@id\":\"https:\/\/masarnau.com\/fr\/prestations-de-service\/\",\"url\":\"https:\/\/masarnau.com\/fr\/prestations-de-service\/\",\"name\":\"Prestations de service - Casa Rural Mas Arnau\",\"isPartOf\":{\"@id\":\"https:\/\/masarnau.com\/fr\/#website\"},\"datePublished\":\"2023-03-24T12:20:14+00:00\",\"dateModified\":\"2023-09-29T09:26:46+00:00\",\"breadcrumb\":{\"@id\":\"https:\/\/masarnau.com\/fr\/prestations-de-service\/#breadcrumb\"},\"inLanguage\":\"fr-FR\",\"potentialAction\":[{\"@type\":\"ReadAction\",\"target\":[\"https:\/\/masarnau.com\/fr\/prestations-de-service\/\"]}]},{\"@type\":\"BreadcrumbList\",\"@id\":\"https:\/\/masarnau.com\/fr\/prestations-de-service\/#breadcrumb\",\"itemListElement\":[{\"@type\":\"ListItem\",\"position\":1,\"name\":\"Portada\",\"item\":\"https:\/\/masarnau.com\/fr\/\"},{\"@type\":\"ListItem\",\"position\":2,\"name\":\"Prestations de service\"}]},{\"@type\":\"WebSite\",\"@id\":\"https:\/\/masarnau.com\/fr\/#website\",\"url\":\"https:\/\/masarnau.com\/fr\/\",\"name\":\"Casa Rural Mas Arnau\",\"description\":\"Casa Rural Mas Arnau\",\"publisher\":{\"@id\":\"https:\/\/masarnau.com\/fr\/#organization\"},\"potentialAction\":[{\"@type\":\"SearchAction\",\"target\":{\"@type\":\"EntryPoint\",\"urlTemplate\":\"https:\/\/masarnau.com\/fr\/?s={search_term_string}\"},\"query-input\":\"required name=search_term_string\"}],\"inLanguage\":\"fr-FR\"},{\"@type\":\"Organization\",\"@id\":\"https:\/\/masarnau.com\/fr\/#organization\",\"name\":\"Casa Rural Mas Arnau\",\"url\":\"https:\/\/masarnau.com\/fr\/\",\"logo\":{\"@type\":\"ImageObject\",\"inLanguage\":\"fr-FR\",\"@id\":\"https:\/\/masarnau.com\/fr\/#\/schema\/logo\/image\/\",\"url\":\"https:\/\/masarnau.com\/wp-content\/uploads\/2023\/03\/cropped-logo_mas-arnau.png\",\"contentUrl\":\"https:\/\/masarnau.com\/wp-content\/uploads\/2023\/03\/cropped-logo_mas-arnau.png\",\"width\":1200,\"height\":240,\"caption\":\"Casa Rural Mas Arnau\"},\"image\":{\"@id\":\"https:\/\/masarnau.com\/fr\/#\/schema\/logo\/image\/\"}}]}<\/script>\n<!-- \/ Yoast SEO Premium plugin. -->","yoast_head_json":{"title":"Prestations de service - Casa Rural Mas Arnau","robots":{"index":"index","follow":"follow","max-snippet":"max-snippet:-1","max-image-preview":"max-image-preview:large","max-video-preview":"max-video-preview:-1"},"canonical":"https:\/\/masarnau.com\/fr\/prestations-de-service\/","og_locale":"fr_FR","og_type":"article","og_title":"Prestations de service","og_description":"Prestations de service Pets allowed, Internet access, Laundry, Information about the area, Cot available. Service de nettoyage pendant le s\u00e9jour. Ext\u00e9rieur Barbecue, Parking, Terrasse, Piscine, Salon de jardin, Jardin. Int\u00e9rieur 4 Halls, Library, Microwave, Oven, En-suite bathroom, Washing machine, Dining room, Ping pong table, Kitchen, 2 dining rooms, Television, Fireplace, Living room, Central heating. Activit\u00e9s ... Lire la suite","og_url":"https:\/\/masarnau.com\/fr\/prestations-de-service\/","og_site_name":"Casa Rural Mas Arnau","article_modified_time":"2023-09-29T09:26:46+00:00","og_image":[{"url":"https:\/\/masarnau.com\/wp-content\/uploads\/2023\/04\/casa-rural-mas-arnau_26-1024x683.webp"}],"twitter_card":"summary_large_image","schema":{"@context":"https:\/\/schema.org","@graph":[{"@type":"WebPage","@id":"https:\/\/masarnau.com\/fr\/prestations-de-service\/","url":"https:\/\/masarnau.com\/fr\/prestations-de-service\/","name":"Prestations de service - Casa Rural Mas Arnau","isPartOf":{"@id":"https:\/\/masarnau.com\/fr\/#website"},"datePublished":"2023-03-24T12:20:14+00:00","dateModified":"2023-09-29T09:26:46+00:00","breadcrumb":{"@id":"https:\/\/masarnau.com\/fr\/prestations-de-service\/#breadcrumb"},"inLanguage":"fr-FR","potentialAction":[{"@type":"ReadAction","target":["https:\/\/masarnau.com\/fr\/prestations-de-service\/"]}]},{"@type":"BreadcrumbList","@id":"https:\/\/masarnau.com\/fr\/prestations-de-service\/#breadcrumb","itemListElement":[{"@type":"ListItem","position":1,"name":"Portada","item":"https:\/\/masarnau.com\/fr\/"},{"@type":"ListItem","position":2,"name":"Prestations de service"}]},{"@type":"WebSite","@id":"https:\/\/masarnau.com\/fr\/#website","url":"https:\/\/masarnau.com\/fr\/","name":"Casa Rural Mas Arnau","description":"Casa Rural Mas Arnau","publisher":{"@id":"https:\/\/masarnau.com\/fr\/#organization"},"potentialAction":[{"@type":"SearchAction","target":{"@type":"EntryPoint","urlTemplate":"https:\/\/masarnau.com\/fr\/?s={search_term_string}"},"query-input":"required name=search_term_string"}],"inLanguage":"fr-FR"},{"@type":"Organization","@id":"https:\/\/masarnau.com\/fr\/#organization","name":"Casa Rural Mas Arnau","url":"https:\/\/masarnau.com\/fr\/","logo":{"@type":"ImageObject","inLanguage":"fr-FR","@id":"https:\/\/masarnau.com\/fr\/#\/schema\/logo\/image\/","url":"https:\/\/masarnau.com\/wp-content\/uploads\/2023\/03\/cropped-logo_mas-arnau.png","contentUrl":"https:\/\/masarnau.com\/wp-content\/uploads\/2023\/03\/cropped-logo_mas-arnau.png","width":1200,"height":240,"caption":"Casa Rural Mas Arnau"},"image":{"@id":"https:\/\/masarnau.com\/fr\/#\/schema\/logo\/image\/"}}]}},"_links":{"self":[{"href":"https:\/\/masarnau.com\/fr\/wp-json\/wp\/v2\/pages\/745","targetHints":{"allow":["GET"]}}],"collection":[{"href":"https:\/\/masarnau.com\/fr\/wp-json\/wp\/v2\/pages"}],"about":[{"href":"https:\/\/masarnau.com\/fr\/wp-json\/wp\/v2\/types\/page"}],"author":[{"embeddable":true,"href":"https:\/\/masarnau.com\/fr\/wp-json\/wp\/v2\/users\/1"}],"replies":[{"embeddable":true,"href":"https:\/\/masarnau.com\/fr\/wp-json\/wp\/v2\/comments?post=745"}],"version-history":[{"count":0,"href":"https:\/\/masarnau.com\/fr\/wp-json\/wp\/v2\/pages\/745\/revisions"}],"wp:attachment":[{"href":"https:\/\/masarnau.com\/fr\/wp-json\/wp\/v2\/media?parent=745"}],"curies":[{"name":"wp","href":"https:\/\/api.w.org\/{rel}","templated":true}]}}